{"id":1854,"date":"2024-02-29T12:39:22","date_gmt":"2024-02-29T11:39:22","guid":{"rendered":"https:\/\/carat-properties-com-stage.jupiter.cdigital.fr\/?page_id=1854"},"modified":"2024-04-12T10:41:04","modified_gmt":"2024-04-12T08:41:04","slug":"avviso-legale","status":"publish","type":"page","link":"https:\/\/www.carat-properties.com\/it\/avviso-legale","title":{"rendered":"Avviso legale"},"content":{"rendered":"<p>Accedendo a questo sito, accettate i seguenti termini.<\/p>\n<p><strong>Editore del sito:<\/strong><\/p>\n<p>Carat Properties<br \/>Tour Od\u00e9on<br \/>36 av. de l&#8217;Annonciade<br \/>98000 Monaco<\/p>\n<p><strong>Hosting:<\/strong><\/p>\n<p>OVH SAS con un capitale di 10 069 020 \u20ac<br \/>RCS Lille M\u00e9tropole 424 761 419 00045<br \/>2 rue Kellermann \u2013 59100 Roubaix \u2013 Francia<\/p>\n<p><strong>Realizzazione del sito:<br \/><\/strong>Gruppo Complus<br \/>https:\/\/www.groupecomplus.com\/<\/p>\n<p>&nbsp;<\/p>\n<p><strong>a) Consigli d&#8217;uso<\/strong><br \/>Il sito https:\/\/www.carat-properties.com\/ \u00e8 gestito in conformit\u00e0 con la legislazione di Monaco e dell&#8217;Europa. L&#8217;utilizzo di questo sito \u00e8 regolato dalle presenti condizioni generali. Utilizzando il sito, riconoscete di aver preso conoscenza di queste condizioni e di averle accettate; queste possono essere modificate senza preavviso da Carat Properties.<\/p>\n<p>Carat Properties non pu\u00f2 essere ritenuta responsabile in alcun modo per un uso improprio del servizio.<\/p>\n<p><strong>b) Responsabilit\u00e0<\/strong><br \/>Le informazioni presenti su questo sito non sono vincolanti e non possono impegnare la responsabilit\u00e0 di Carat Properties che si riserva il diritto di correggere, modificare, arricchire o eliminare tutto o parte del contenuto del suo sito. Nonostante tutti gli sforzi di Carat Properties per fornire informazioni accurate e utili su questo sito, le informazioni e i contenuti del sito sono forniti &#8220;cos\u00ec come sono&#8221;, &#8220;disponibili&#8221; e possono essere modificati senza preavviso. Nella misura consentita dalla legge, Carat Properties non offre alcuna garanzia riguardo all&#8217;accuratezza o alla affidabilit\u00e0 di tali informazioni o contenuti e, in particolare, declina ogni responsabilit\u00e0 per errori o omissioni che possono apparire nelle informazioni o nei contenuti di questo sito o per eventuali danni o perdite che potreste subire a causa dell&#8217;uso di queste informazioni o contenuti. Se notate una lacuna, un errore o quello che sembra essere un malfunzionamento, si prega di segnalarlo via email a CONTACT@CARAT-PROPERTIES.COM descrivendo il problema nel modo pi\u00f9 preciso possibile (pagina problematica, azione scatenante, tipo di computer e browser utilizzato, etc.).<\/p>\n<p>Qualsiasi contenuto scaricato avviene a rischio e pericolo dell&#8217;utente e sotto la sua unica responsabilit\u00e0. Di conseguenza, Carat Properties non pu\u00f2 essere ritenuta responsabile per eventuali danni al computer dell&#8217;utente o per qualsiasi perdita di dati conseguente al download.<\/p>\n<p>Le foto non sono vincolanti.<\/p>\n<p>I collegamenti ipertestuali realizzati nell&#8217;ambito di questo sito web verso altre risorse presenti sulla rete Internet non possono impegnare la responsabilit\u00e0 di Carat Properties.<\/p>\n<p><strong>c) Propriet\u00e0 intellettuale e diritti connessi<\/strong><br \/>Il Sito e tutti i suoi componenti, inclusi i vari contenuti (foto, testi, presentazioni, layout, charta grafica, marchi, disegni e modelli e altri segni distintivi, etc.), sono protetti dai diritti di propriet\u00e0 intellettuale e dai diritti connessi riservati ai soli titolari di questi diritti.<\/p>\n<p>Di conseguenza, qualsiasi uso, riproduzione, rappresentazione o diffusione totale o parziale di questi elementi \u00e8 strettamente proibita, ad eccezione delle copie senza modifiche n\u00e9 alterazioni effettuate a fini personali o privati. Qualsiasi uso per scopi diversi da quelli privati richiede l&#8217;autorizzazione preventiva scritta del titolare dei diritti di propriet\u00e0 intellettuale o dei diritti connessi interessati.<\/p>\n<p>Carat Properties declina ogni responsabilit\u00e0 in caso di uso o sfruttamento illegale degli elementi di questo sito (foto, testi, presentazioni, layout, charta grafica, marchi, disegni e modelli e altri segni distintivi, etc.)<\/p>\n","protected":false},"excerpt":{"rendered":"<p>Accedendo a questo sito, accettate i seguenti termini. Editore del sito: Carat PropertiesTour Od\u00e9on36 av. de l&#8217;Annonciade98000 Monaco Hosting: OVH SAS con un capitale di 10 069 020 \u20acRCS Lille M\u00e9tropole 424 761 419 000452 rue Kellermann \u2013 59100 Roubaix \u2013 Francia Realizzazione del sito:Gruppo Complushttps:\/\/www.groupecomplus.com\/ &nbsp; a) Consigli d&#8217;usoIl sito https:\/\/www.carat-properties.com\/ \u00e8 gestito in [&hellip;]<\/p>\n","protected":false},"author":1,"featured_media":0,"parent":0,"menu_order":0,"comment_status":"closed","ping_status":"open","template":"","meta":{"_acf_changed":false,"footnotes":""},"type_transaction":[],"type_property":[],"city":[],"country":[],"class_list":["post-1854","page","type-page","status-publish","hentry"],"acf":[],"yoast_head":"<!-- This site is optimized with the Yoast SEO plugin v24.5 - https:\/\/yoast.com\/wordpress\/plugins\/seo\/ -->\n<title>Avviso legale - Carat Properties<\/title>\n<meta name=\"robots\" content=\"noindex, follow, max-snippet:-1, max-image-preview:large, max-video-preview:-1\" \/>\n<meta property=\"og:locale\" content=\"it_IT\" \/>\n<meta property=\"og:type\" content=\"article\" \/>\n<meta property=\"og:title\" content=\"Avviso legale - Carat Properties\" \/>\n<meta property=\"og:description\" content=\"Accedendo a questo sito, accettate i seguenti termini. Editore del sito: Carat PropertiesTour Od\u00e9on36 av. de l&#8217;Annonciade98000 Monaco Hosting: OVH SAS con un capitale di 10 069 020 \u20acRCS Lille M\u00e9tropole 424 761 419 000452 rue Kellermann \u2013 59100 Roubaix \u2013 Francia Realizzazione del sito:Gruppo Complushttps:\/\/www.groupecomplus.com\/ &nbsp; a) Consigli d&#8217;usoIl sito https:\/\/www.carat-properties.com\/ \u00e8 gestito in [&hellip;]\" \/>\n<meta property=\"og:url\" content=\"https:\/\/www.carat-properties.com\/it\/avviso-legale\" \/>\n<meta property=\"og:site_name\" content=\"Carat Properties\" \/>\n<meta property=\"article:modified_time\" content=\"2024-04-12T08:41:04+00:00\" \/>\n<meta name=\"twitter:card\" content=\"summary_large_image\" \/>\n<script type=\"application\/ld+json\" class=\"yoast-schema-graph\">{\"@context\":\"https:\/\/schema.org\",\"@graph\":[{\"@type\":\"WebPage\",\"@id\":\"https:\/\/www.carat-properties.com\/it\/avviso-legale\",\"url\":\"https:\/\/www.carat-properties.com\/it\/avviso-legale\",\"name\":\"Avviso legale - Carat Properties\",\"isPartOf\":{\"@id\":\"https:\/\/www.carat-properties.com\/it#website\"},\"datePublished\":\"2024-02-29T11:39:22+00:00\",\"dateModified\":\"2024-04-12T08:41:04+00:00\",\"breadcrumb\":{\"@id\":\"https:\/\/www.carat-properties.com\/it\/avviso-legale#breadcrumb\"},\"inLanguage\":\"it-IT\",\"potentialAction\":[{\"@type\":\"ReadAction\",\"target\":[\"https:\/\/www.carat-properties.com\/it\/avviso-legale\"]}]},{\"@type\":\"BreadcrumbList\",\"@id\":\"https:\/\/www.carat-properties.com\/it\/avviso-legale#breadcrumb\",\"itemListElement\":[{\"@type\":\"ListItem\",\"position\":1,\"name\":\"Accueil\",\"item\":\"https:\/\/www.carat-properties.com\/it\"},{\"@type\":\"ListItem\",\"position\":2,\"name\":\"Avviso legale\"}]},{\"@type\":\"WebSite\",\"@id\":\"https:\/\/www.carat-properties.com\/it#website\",\"url\":\"https:\/\/www.carat-properties.com\/it\",\"name\":\"Carat Properties\",\"description\":\"\",\"potentialAction\":[{\"@type\":\"SearchAction\",\"target\":{\"@type\":\"EntryPoint\",\"urlTemplate\":\"https:\/\/www.carat-properties.com\/it?s={search_term_string}\"},\"query-input\":{\"@type\":\"PropertyValueSpecification\",\"valueRequired\":true,\"valueName\":\"search_term_string\"}}],\"inLanguage\":\"it-IT\"}]}<\/script>\n<!-- \/ Yoast SEO plugin. -->","yoast_head_json":{"title":"Avviso legale - Carat Properties","robots":{"index":"noindex","follow":"follow","max-snippet":"max-snippet:-1","max-image-preview":"max-image-preview:large","max-video-preview":"max-video-preview:-1"},"og_locale":"it_IT","og_type":"article","og_title":"Avviso legale - Carat Properties","og_description":"Accedendo a questo sito, accettate i seguenti termini. Editore del sito: Carat PropertiesTour Od\u00e9on36 av. de l&#8217;Annonciade98000 Monaco Hosting: OVH SAS con un capitale di 10 069 020 \u20acRCS Lille M\u00e9tropole 424 761 419 000452 rue Kellermann \u2013 59100 Roubaix \u2013 Francia Realizzazione del sito:Gruppo Complushttps:\/\/www.groupecomplus.com\/ &nbsp; a) Consigli d&#8217;usoIl sito https:\/\/www.carat-properties.com\/ \u00e8 gestito in [&hellip;]","og_url":"https:\/\/www.carat-properties.com\/it\/avviso-legale","og_site_name":"Carat Properties","article_modified_time":"2024-04-12T08:41:04+00:00","twitter_card":"summary_large_image","schema":{"@context":"https:\/\/schema.org","@graph":[{"@type":"WebPage","@id":"https:\/\/www.carat-properties.com\/it\/avviso-legale","url":"https:\/\/www.carat-properties.com\/it\/avviso-legale","name":"Avviso legale - Carat Properties","isPartOf":{"@id":"https:\/\/www.carat-properties.com\/it#website"},"datePublished":"2024-02-29T11:39:22+00:00","dateModified":"2024-04-12T08:41:04+00:00","breadcrumb":{"@id":"https:\/\/www.carat-properties.com\/it\/avviso-legale#breadcrumb"},"inLanguage":"it-IT","potentialAction":[{"@type":"ReadAction","target":["https:\/\/www.carat-properties.com\/it\/avviso-legale"]}]},{"@type":"BreadcrumbList","@id":"https:\/\/www.carat-properties.com\/it\/avviso-legale#breadcrumb","itemListElement":[{"@type":"ListItem","position":1,"name":"Accueil","item":"https:\/\/www.carat-properties.com\/it"},{"@type":"ListItem","position":2,"name":"Avviso legale"}]},{"@type":"WebSite","@id":"https:\/\/www.carat-properties.com\/it#website","url":"https:\/\/www.carat-properties.com\/it","name":"Carat Properties","description":"","potentialAction":[{"@type":"SearchAction","target":{"@type":"EntryPoint","urlTemplate":"https:\/\/www.carat-properties.com\/it?s={search_term_string}"},"query-input":{"@type":"PropertyValueSpecification","valueRequired":true,"valueName":"search_term_string"}}],"inLanguage":"it-IT"}]}},"_links":{"self":[{"href":"https:\/\/www.carat-properties.com\/it\/wp-json\/wp\/v2\/pages\/1854","targetHints":{"allow":["GET"]}}],"collection":[{"href":"https:\/\/www.carat-properties.com\/it\/wp-json\/wp\/v2\/pages"}],"about":[{"href":"https:\/\/www.carat-properties.com\/it\/wp-json\/wp\/v2\/types\/page"}],"author":[{"embeddable":true,"href":"https:\/\/www.carat-properties.com\/it\/wp-json\/wp\/v2\/users\/1"}],"replies":[{"embeddable":true,"href":"https:\/\/www.carat-properties.com\/it\/wp-json\/wp\/v2\/comments?post=1854"}],"version-history":[{"count":1,"href":"https:\/\/www.carat-properties.com\/it\/wp-json\/wp\/v2\/pages\/1854\/revisions"}],"predecessor-version":[{"id":1855,"href":"https:\/\/www.carat-properties.com\/it\/wp-json\/wp\/v2\/pages\/1854\/revisions\/1855"}],"wp:attachment":[{"href":"https:\/\/www.carat-properties.com\/it\/wp-json\/wp\/v2\/media?parent=1854"}],"wp:term":[{"taxonomy":"type_transaction","embeddable":true,"href":"https:\/\/www.carat-properties.com\/it\/wp-json\/wp\/v2\/type_transaction?post=1854"},{"taxonomy":"type_property","embeddable":true,"href":"https:\/\/www.carat-properties.com\/it\/wp-json\/wp\/v2\/type_property?post=1854"},{"taxonomy":"city","embeddable":true,"href":"https:\/\/www.carat-properties.com\/it\/wp-json\/wp\/v2\/city?post=1854"},{"taxonomy":"country","embeddable":true,"href":"https:\/\/www.carat-properties.com\/it\/wp-json\/wp\/v2\/country?post=1854"}],"curies":[{"name":"wp","href":"https:\/\/api.w.org\/{rel}","templated":true}]}}